{"id":1319,"date":"2025-02-27T16:19:15","date_gmt":"2025-02-27T19:19:15","guid":{"rendered":"https:\/\/criasdocabana.art.br\/?page_id=1319"},"modified":"2025-04-24T09:39:15","modified_gmt":"2025-04-24T12:39:15","slug":"o-projeto-artes-de-curar-rezar-e-brincar","status":"publish","type":"page","link":"http:\/\/criasdocabana.art.br\/?page_id=1319","title":{"rendered":"O Projeto Artes de Curar, Rezar e Brincar"},"content":{"rendered":"\t\t<div data-elementor-type=\"wp-page\" data-elementor-id=\"1319\" class=\"elementor elementor-1319\">\n\t\t\t\t<div class=\"elementor-element elementor-element-7cc8c70 e-con-full e-flex wpr-particle-no wpr-jarallax-no wpr-parallax-no wpr-sticky-section-no e-con e-parent\" data-id=\"7cc8c70\" data-element_type=\"container\">\n\t\t\t\t<div class=\"elementor-element elementor-element-ede61df elementor-view-default elementor-widget elementor-widget-icon\" data-id=\"ede61df\" data-element_type=\"widget\" data-widget_type=\"icon.default\">\n\t\t\t\t<div class=\"elementor-widget-container\">\n\t\t\t\t\t\t\t<div class=\"elementor-icon-wrapper\">\n\t\t\t<div class=\"elementor-icon\">\n\t\t\t<svg aria-hidden=\"true\" class=\"e-font-icon-svg e-fas-angle-double-down\" viewBox=\"0 0 320 512\" xmlns=\"http:\/\/www.w3.org\/2000\/svg\"><path d=\"M143 256.3L7 120.3c-9.4-9.4-9.4-24.6 0-33.9l22.6-22.6c9.4-9.4 24.6-9.4 33.9 0l96.4 96.4 96.4-96.4c9.4-9.4 24.6-9.4 33.9 0L313 86.3c9.4 9.4 9.4 24.6 0 33.9l-136 136c-9.4 9.5-24.6 9.5-34 .1zm34 192l136-136c9.4-9.4 9.4-24.6 0-33.9l-22.6-22.6c-9.4-9.4-24.6-9.4-33.9 0L160 352.1l-96.4-96.4c-9.4-9.4-24.6-9.4-33.9 0L7 278.3c-9.4 9.4-9.4 24.6 0 33.9l136 136c9.4 9.5 24.6 9.5 34 .1z\"><\/path><\/svg>\t\t\t<\/div>\n\t\t<\/div>\n\t\t\t\t\t\t<\/div>\n\t\t\t\t<\/div>\n\t\t\t\t<div class=\"elementor-element elementor-element-75b0e7e elementor-widget elementor-widget-heading\" data-id=\"75b0e7e\" data-element_type=\"widget\" data-widget_type=\"heading.default\">\n\t\t\t\t<div class=\"elementor-widget-container\">\n\t\t\t\t\t<h2 class=\"elementor-heading-title elementor-size-default\">O PROJETO ARTES DE CURAR, REZAR E BRINCAR<\/h2>\t\t\t\t<\/div>\n\t\t\t\t<\/div>\n\t\t\t\t<div class=\"elementor-element elementor-element-3bd1ee3 elementor-widget elementor-widget-text-editor\" data-id=\"3bd1ee3\" data-element_type=\"widget\" data-widget_type=\"text-editor.default\">\n\t\t\t\t<div class=\"elementor-widget-container\">\n\t\t\t\t\t\t\t\t\t<p><span style=\"font-weight: 400;\">Uma destas a\u00e7\u00f5es \u00e9 o projeto <\/span><i><span style=\"font-weight: 400;\">Artes de Curar, Rezar e Brincar: saberes, tradi\u00e7\u00f5es e resist\u00eancias ao apagamento no aglomerado Cabana do Pai Tom\u00e1s <\/span><\/i><span style=\"font-weight: 400;\">(aprovado na Chamada FAPEMIG 001\/2021 &#8211; Demanda Universal).\u00a0<\/span><\/p>\t\t\t\t\t\t\t\t<\/div>\n\t\t\t\t<\/div>\n\t\t\t\t<\/div>\n\t\t<div class=\"elementor-element elementor-element-95e556f e-flex e-con-boxed wpr-particle-no wpr-jarallax-no wpr-parallax-no wpr-sticky-section-no e-con e-parent\" data-id=\"95e556f\" data-element_type=\"container\">\n\t\t\t\t\t<div class=\"e-con-inner\">\n\t\t<div class=\"elementor-element elementor-element-93a9fff e-con-full e-flex wpr-particle-no wpr-jarallax-no wpr-parallax-no wpr-sticky-section-no e-con e-child\" data-id=\"93a9fff\" data-element_type=\"container\">\n\t\t\t\t<div class=\"elementor-element elementor-element-59245bb elementor-widget elementor-widget-image\" data-id=\"59245bb\" data-element_type=\"widget\" data-widget_type=\"image.default\">\n\t\t\t\t<div class=\"elementor-widget-container\">\n\t\t\t\t\t\t\t\t\t\t\t\t\t\t\t<img decoding=\"async\" src=\"\/\/criasdocabana.art.br\/wp-content\/uploads\/2025\/01\/1-O-Projeto-Artes-de-Curar-Rezar-e-Brincar-.png\" title=\"\" alt=\"\" loading=\"lazy\" \/>\t\t\t\t\t\t\t\t\t\t\t\t\t\t\t<\/div>\n\t\t\t\t<\/div>\n\t\t\t\t<\/div>\n\t\t<div class=\"elementor-element elementor-element-1b3ed39 e-con-full e-flex wpr-particle-no wpr-jarallax-no wpr-parallax-no wpr-sticky-section-no e-con e-child\" data-id=\"1b3ed39\" data-element_type=\"container\">\n\t\t\t\t<div class=\"elementor-element elementor-element-db7d274 elementor-widget elementor-widget-text-editor\" data-id=\"db7d274\" data-element_type=\"widget\" data-widget_type=\"text-editor.default\">\n\t\t\t\t<div class=\"elementor-widget-container\">\n\t\t\t\t\t\t\t\t\t<p><span style=\"font-weight: 400;\">O desejo de realiza\u00e7\u00e3o desse projeto partiu de uma demanda da pr\u00f3pria comunidade a respeito da necessidade de resistir ao processo de apagamento dos saberes populares, ancestrais e tradicionais que circulam no territ\u00f3rio do Cabana.\u00a0<\/span><\/p><p><span style=\"font-weight: 400;\">Falar da hist\u00f3ria do Cabana \u00e9 falar das manifesta\u00e7\u00f5es culturais vivenciadas. <\/span><\/p>\t\t\t\t\t\t\t\t<\/div>\n\t\t\t\t<\/div>\n\t\t\t\t<\/div>\n\t\t\t\t\t<\/div>\n\t\t\t\t<\/div>\n\t\t<div class=\"elementor-element elementor-element-752babc e-con-full e-flex wpr-particle-no wpr-jarallax-no wpr-parallax-no wpr-sticky-section-no e-con e-parent\" data-id=\"752babc\" data-element_type=\"container\">\n\t\t\t\t<div class=\"elementor-element elementor-element-0d88508 elementor-widget elementor-widget-text-editor\" data-id=\"0d88508\" data-element_type=\"widget\" data-widget_type=\"text-editor.default\">\n\t\t\t\t<div class=\"elementor-widget-container\">\n\t\t\t\t\t\t\t\t\t<p><span style=\"font-weight: 400;\">\u00c9 falar do papel da religiosidade fortemente atravessada pela cultura afro-brasileira. \u201cEsse ros\u00e1rio vai somar mais uma ponta, n\u00e3o tem jeito esse mist\u00e9rio\u201d, conta Dona Odete, capit\u00e3-mor da Guarda de Congo S\u00e3o Benedito e Nossa Senhora do Ros\u00e1rio do Cabana do Pai Tom\u00e1s, relatando o surgimento da Guarda de Congado em 1993. Seriam as Guardas de Congado a manifesta\u00e7\u00e3o das Artes de Rezar do Cabana?\u00a0<\/span><\/p><p><span style=\"font-weight: 400;\">\u00c9 falar da ocupa\u00e7\u00e3o conquistada e da luta por servi\u00e7os p\u00fablicos, escolas, centros de sa\u00fade e por outras pr\u00e1ticas populares vinculadas \u00e0s tradi\u00e7\u00f5es e \u00e0 ancestralidade.\u00a0<\/span><\/p><p><span style=\"font-weight: 400;\">S\u00e3o raizeiras e raizeiros, benzedeiras e outras e outros que fazem de quintais, da oralidade e das fam\u00edlias a chama que mant\u00e9m viva outras formas de rela\u00e7\u00f5es com o corpo, a mente e a natureza. Seriam esses sujeitos a manifesta\u00e7\u00e3o das Artes de Curar do Cabana?<\/span><\/p>\t\t\t\t\t\t\t\t<\/div>\n\t\t\t\t<\/div>\n\t\t\t\t<div class=\"elementor-element elementor-element-2b28043 elementor-widget elementor-widget-image\" data-id=\"2b28043\" data-element_type=\"widget\" data-widget_type=\"image.default\">\n\t\t\t\t<div class=\"elementor-widget-container\">\n\t\t\t\t\t\t\t\t\t\t\t\t\t\t\t<img decoding=\"async\" src=\"\/\/criasdocabana.art.br\/wp-content\/uploads\/2025\/01\/2-O-Projeto-Artes-de-Curar-Rezar-e-Brincar-.png\" title=\"\" alt=\"\" loading=\"lazy\" \/>\t\t\t\t\t\t\t\t\t\t\t\t\t\t\t<\/div>\n\t\t\t\t<\/div>\n\t\t\t\t<div class=\"elementor-element elementor-element-43466cc elementor-widget elementor-widget-text-editor\" data-id=\"43466cc\" data-element_type=\"widget\" data-widget_type=\"text-editor.default\">\n\t\t\t\t<div class=\"elementor-widget-container\">\n\t\t\t\t\t\t\t\t\t<p><span style=\"font-weight: 400;\">Por entre vielas, becos, ruas, morros ainda permanecem brincadeiras antigas, jogos e formas de se comunicar e se relacionar que diferem da depend\u00eancia com o celular. S\u00e3o brincadeiras que mant\u00eam um elo com o Cabana l\u00e1 de tr\u00e1s, em que, diante da aus\u00eancia de estruturas, por entre lonas e barracos da resist\u00eancia, crian\u00e7as buscaram formas de se divertir. Seriam essas pr\u00e1ticas a manifesta\u00e7\u00e3o das Artes de Brincar do Cabana?\u00a0<\/span><\/p><p><span style=\"font-weight: 400;\">S\u00e3o esses sujeitos, saberes e pr\u00e1ticas do territ\u00f3rio que o projeto Artes de Curar, Rezar e Brincar buscou registrar e encontrar canais de visibilidade.\u00a0<\/span><\/p><p><span style=\"font-weight: 400;\">O projeto tem como resultado uma multiplicidade de produtos, de g\u00eaneros textuais diversos. A tecnologia do CEFET-MG, que muitas vezes se coloca como neutra e utilitarista, precisou ser reposicionada em sua dimens\u00e3o social, sendo a mediadora da visibiliza\u00e7\u00e3o dessas artes. As possibilida<\/span><span style=\"font-weight: 400;\">des de materializar essas pr\u00e1ticas romperam as p\u00e1ginas de papel, ganharam tamb\u00e9m a tela de cinema, com document\u00e1rios, al\u00e9m de entrevistas, depoimentos, registros documentais da hist\u00f3ria da comunidade, \u00e1udios, v\u00eddeos e imagens.\u00a0<\/span><\/p><p>\u00a0<\/p><p><span style=\"font-weight: 400;\">S\u00e3o produtos tecnol\u00f3gicos que ultrapassaram a fronteira das m\u00e1quinas e est\u00e3o consagrados por mestres e mestras dos saberes tradicionais e ancestrais do Aglomerado Cabana do Pai Tom\u00e1s.<\/span><\/p>\t\t\t\t\t\t\t\t<\/div>\n\t\t\t\t<\/div>\n\t\t\t\t<div class=\"elementor-element elementor-element-676ae62 elementor-widget elementor-widget-heading\" data-id=\"676ae62\" data-element_type=\"widget\" data-widget_type=\"heading.default\">\n\t\t\t\t<div class=\"elementor-widget-container\">\n\t\t\t\t\t<h2 class=\"elementor-heading-title elementor-size-default\"><a href=\"https:\/\/www.sofia.cefetmg.br\/artes-de-curar-rezar-e-brincar\/\">Conhe\u00e7a a nossa equipe<\/a><\/h2>\t\t\t\t<\/div>\n\t\t\t\t<\/div>\n\t\t\t\t<\/div>\n\t\t<footer class=\"elementor-element elementor-element-3be8da9 e-flex e-con-boxed wpr-particle-no wpr-jarallax-no wpr-parallax-no wpr-sticky-section-no e-con e-parent\" data-id=\"3be8da9\" data-element_type=\"container\">\n\t\t\t\t\t<div class=\"e-con-inner\">\n\t\t<div class=\"elementor-element elementor-element-bc2b003 e-con-full e-flex wpr-particle-no wpr-jarallax-no wpr-parallax-no wpr-sticky-section-no e-con e-child\" data-id=\"bc2b003\" data-element_type=\"container\">\n\t\t\t\t<div class=\"elementor-element elementor-element-4369cb8 elementor-widget elementor-widget-heading\" data-id=\"4369cb8\" data-element_type=\"widget\" data-widget_type=\"heading.default\">\n\t\t\t\t<div class=\"elementor-widget-container\">\n\t\t\t\t\t<p class=\"elementor-heading-title elementor-size-default\">Realiza\u00e7\u00e3o<\/p>\t\t\t\t<\/div>\n\t\t\t\t<\/div>\n\t\t<div class=\"elementor-element elementor-element-116f3dd e-grid e-con-full wpr-particle-no wpr-jarallax-no wpr-parallax-no wpr-sticky-section-no e-con e-child\" data-id=\"116f3dd\" data-element_type=\"container\">\n\t\t\t\t<div class=\"elementor-element elementor-element-fd17b75 elementor-widget elementor-widget-image\" data-id=\"fd17b75\" data-element_type=\"widget\" data-widget_type=\"image.default\">\n\t\t\t\t<div class=\"elementor-widget-container\">\n\t\t\t\t\t\t\t\t\t\t\t\t\t\t\t<img decoding=\"async\" src=\"\/\/criasdocabana.art.br\/wp-content\/uploads\/2025\/01\/SoFiA-sem-fundo.png\" title=\"\" alt=\"\" loading=\"lazy\" \/>\t\t\t\t\t\t\t\t\t\t\t\t\t\t\t<\/div>\n\t\t\t\t<\/div>\n\t\t\t\t<\/div>\n\t\t\t\t<\/div>\n\t\t<div class=\"elementor-element elementor-element-1d974be e-con-full e-flex wpr-particle-no wpr-jarallax-no wpr-parallax-no wpr-sticky-section-no e-con e-child\" data-id=\"1d974be\" data-element_type=\"container\">\n\t\t\t\t<div class=\"elementor-element elementor-element-cf52445 elementor-widget elementor-widget-heading\" data-id=\"cf52445\" data-element_type=\"widget\" data-widget_type=\"heading.default\">\n\t\t\t\t<div class=\"elementor-widget-container\">\n\t\t\t\t\t<p class=\"elementor-heading-title elementor-size-default\">Financiamento<\/p>\t\t\t\t<\/div>\n\t\t\t\t<\/div>\n\t\t<div class=\"elementor-element elementor-element-a1e1eae e-grid e-con-full wpr-particle-no wpr-jarallax-no wpr-parallax-no wpr-sticky-section-no e-con e-child\" data-id=\"a1e1eae\" data-element_type=\"container\">\n\t\t\t\t<div class=\"elementor-element elementor-element-78ee122 elementor-widget elementor-widget-image\" data-id=\"78ee122\" data-element_type=\"widget\" data-widget_type=\"image.default\">\n\t\t\t\t<div class=\"elementor-widget-container\">\n\t\t\t\t\t\t\t\t\t\t\t\t\t\t\t<img decoding=\"async\" src=\"\/\/criasdocabana.art.br\/wp-content\/uploads\/2025\/01\/Fapemig-sem-fundo.png\" title=\"\" alt=\"\" loading=\"lazy\" \/>\t\t\t\t\t\t\t\t\t\t\t\t\t\t\t<\/div>\n\t\t\t\t<\/div>\n\t\t\t\t<div class=\"elementor-element elementor-element-45ea053 elementor-widget elementor-widget-image\" data-id=\"45ea053\" data-element_type=\"widget\" data-widget_type=\"image.default\">\n\t\t\t\t<div class=\"elementor-widget-container\">\n\t\t\t\t\t\t\t\t\t\t\t\t\t\t\t<img decoding=\"async\" src=\"\/\/criasdocabana.art.br\/wp-content\/uploads\/2025\/01\/DEDC.png\" title=\"\" alt=\"\" loading=\"lazy\" \/>\t\t\t\t\t\t\t\t\t\t\t\t\t\t\t<\/div>\n\t\t\t\t<\/div>\n\t\t\t\t<\/div>\n\t\t\t\t<\/div>\n\t\t<div class=\"elementor-element elementor-element-2b44b22 e-con-full e-flex wpr-particle-no wpr-jarallax-no wpr-parallax-no wpr-sticky-section-no e-con e-child\" data-id=\"2b44b22\" data-element_type=\"container\">\n\t\t\t\t<div class=\"elementor-element elementor-element-13436ef elementor-widget elementor-widget-heading\" data-id=\"13436ef\" data-element_type=\"widget\" data-widget_type=\"heading.default\">\n\t\t\t\t<div class=\"elementor-widget-container\">\n\t\t\t\t\t<p class=\"elementor-heading-title elementor-size-default\">Parceiros<\/p>\t\t\t\t<\/div>\n\t\t\t\t<\/div>\n\t\t<div class=\"elementor-element elementor-element-3e0b8c0 e-grid e-con-full wpr-particle-no wpr-jarallax-no wpr-parallax-no wpr-sticky-section-no e-con e-child\" data-id=\"3e0b8c0\" data-element_type=\"container\">\n\t\t\t\t<div class=\"elementor-element elementor-element-735cb0b elementor-widget elementor-widget-image\" data-id=\"735cb0b\" data-element_type=\"widget\" data-widget_type=\"image.default\">\n\t\t\t\t<div class=\"elementor-widget-container\">\n\t\t\t\t\t\t\t\t\t\t\t\t\t\t\t<img decoding=\"async\" src=\"\/\/criasdocabana.art.br\/wp-content\/uploads\/2025\/01\/image.png\" title=\"\" alt=\"\" loading=\"lazy\" \/>\t\t\t\t\t\t\t\t\t\t\t\t\t\t\t<\/div>\n\t\t\t\t<\/div>\n\t\t\t\t<div class=\"elementor-element elementor-element-b65785f elementor-widget elementor-widget-image\" data-id=\"b65785f\" data-element_type=\"widget\" data-widget_type=\"image.default\">\n\t\t\t\t<div class=\"elementor-widget-container\">\n\t\t\t\t\t\t\t\t\t\t\t\t\t\t\t<img decoding=\"async\" src=\"\/\/criasdocabana.art.br\/wp-content\/uploads\/2025\/01\/COMPET.png\" title=\"\" alt=\"\" loading=\"lazy\" \/>\t\t\t\t\t\t\t\t\t\t\t\t\t\t\t<\/div>\n\t\t\t\t<\/div>\n\t\t\t\t<div class=\"elementor-element elementor-element-a12844c elementor-widget elementor-widget-image\" data-id=\"a12844c\" data-element_type=\"widget\" data-widget_type=\"image.default\">\n\t\t\t\t<div class=\"elementor-widget-container\">\n\t\t\t\t\t\t\t\t\t\t\t\t\t\t\t<img decoding=\"async\" src=\"\/\/criasdocabana.art.br\/wp-content\/uploads\/2025\/01\/PET-CONNECTTE.png\" title=\"\" alt=\"\" loading=\"lazy\" \/>\t\t\t\t\t\t\t\t\t\t\t\t\t\t\t<\/div>\n\t\t\t\t<\/div>\n\t\t\t\t<div class=\"elementor-element elementor-element-5f99649 elementor-widget elementor-widget-image\" data-id=\"5f99649\" data-element_type=\"widget\" data-widget_type=\"image.default\">\n\t\t\t\t<div class=\"elementor-widget-container\">\n\t\t\t\t\t\t\t\t\t\t\t\t\t\t\t<img decoding=\"async\" src=\"\/\/criasdocabana.art.br\/wp-content\/uploads\/2025\/01\/GEPTT.png\" title=\"\" alt=\"\" loading=\"lazy\" \/>\t\t\t\t\t\t\t\t\t\t\t\t\t\t\t<\/div>\n\t\t\t\t<\/div>\n\t\t\t\t<\/div>\n\t\t\t\t<\/div>\n\t\t\t\t\t<\/div>\n\t\t\t\t<\/footer>\n\t\t\t\t<\/div>\n\t\t","protected":false},"excerpt":{"rendered":"<p>O PROJETO ARTES DE CURAR, REZAR E BRINCAR Uma destas a\u00e7\u00f5es \u00e9 o projeto Artes de Curar, Rezar e Brincar: saberes, tradi\u00e7\u00f5es e resist\u00eancias ao apagamento no aglomerado Cabana do Pai Tom\u00e1s (aprovado na Chamada FAPEMIG 001\/2021 &#8211; Demanda Universal).\u00a0 O desejo de realiza\u00e7\u00e3o desse projeto partiu de uma demanda da pr\u00f3pria comunidade a respeito da necessidade de resistir ao processo de apagamento dos saberes populares, ancestrais e tradicionais que circulam no territ\u00f3rio do Cabana.\u00a0 Falar da hist\u00f3ria do Cabana \u00e9 falar das manifesta\u00e7\u00f5es culturais vivenciadas. \u00c9 falar do papel da religiosidade fortemente atravessada pela cultura afro-brasileira. \u201cEsse ros\u00e1rio vai somar mais uma ponta, n\u00e3o tem jeito esse mist\u00e9rio\u201d, conta Dona Odete, capit\u00e3-mor da Guarda de Congo S\u00e3o Benedito e Nossa Senhora do Ros\u00e1rio do Cabana do Pai Tom\u00e1s, relatando o surgimento da Guarda de Congado em 1993. Seriam as Guardas de Congado a manifesta\u00e7\u00e3o das Artes de Rezar do Cabana?\u00a0 \u00c9 falar da ocupa\u00e7\u00e3o conquistada e da luta por servi\u00e7os p\u00fablicos, escolas, centros de sa\u00fade e por outras pr\u00e1ticas populares vinculadas \u00e0s tradi\u00e7\u00f5es e \u00e0 ancestralidade.\u00a0 S\u00e3o raizeiras e raizeiros, benzedeiras e outras e outros que fazem de quintais, da oralidade e das fam\u00edlias a chama que mant\u00e9m viva outras formas de rela\u00e7\u00f5es com o corpo, a mente e a natureza. Seriam esses sujeitos a manifesta\u00e7\u00e3o das Artes de Curar do Cabana? Por entre vielas, becos, ruas, morros ainda permanecem brincadeiras antigas, jogos e formas de se comunicar e se relacionar que diferem da depend\u00eancia com o celular. S\u00e3o brincadeiras que mant\u00eam um elo com o Cabana l\u00e1 de tr\u00e1s, em que, diante da aus\u00eancia de estruturas, por entre lonas e barracos da resist\u00eancia, crian\u00e7as buscaram formas de se divertir. Seriam essas pr\u00e1ticas a manifesta\u00e7\u00e3o das Artes de Brincar do Cabana?\u00a0 S\u00e3o esses sujeitos, saberes e pr\u00e1ticas do territ\u00f3rio que o projeto Artes de Curar, Rezar e Brincar buscou registrar e encontrar canais de visibilidade.\u00a0 O projeto tem como resultado uma multiplicidade de produtos, de g\u00eaneros textuais diversos. A tecnologia do CEFET-MG, que muitas vezes se coloca como neutra e utilitarista, precisou ser reposicionada em sua dimens\u00e3o social, sendo a mediadora da visibiliza\u00e7\u00e3o dessas artes. As possibilidades de materializar essas pr\u00e1ticas romperam as p\u00e1ginas de papel, ganharam tamb\u00e9m a tela de cinema, com document\u00e1rios, al\u00e9m de entrevistas, depoimentos, registros documentais da hist\u00f3ria da comunidade, \u00e1udios, v\u00eddeos e imagens.\u00a0 \u00a0 S\u00e3o produtos tecnol\u00f3gicos que ultrapassaram a fronteira das m\u00e1quinas e est\u00e3o consagrados por mestres e mestras dos saberes tradicionais e ancestrais do Aglomerado Cabana do Pai Tom\u00e1s. Conhe\u00e7a a nossa equipe Realiza\u00e7\u00e3o Financiamento Parceiros<\/p>\n","protected":false},"author":2,"featured_media":0,"parent":0,"menu_order":0,"comment_status":"closed","ping_status":"closed","template":"","meta":{"_uag_custom_page_level_css":"","site-sidebar-layout":"no-sidebar","site-content-layout":"","ast-site-content-layout":"full-width-container","site-content-style":"default","site-sidebar-style":"default","ast-global-header-display":"","ast-banner-title-visibility":"","ast-main-header-display":"","ast-hfb-above-header-display":"","ast-hfb-below-header-display":"","ast-hfb-mobile-header-display":"","site-post-title":"disabled","ast-breadcrumbs-content":"","ast-featured-img":"disabled","footer-sml-layout":"","theme-transparent-header-meta":"","adv-header-id-meta":"","stick-header-meta":"","header-above-stick-meta":"","header-main-stick-meta":"","header-below-stick-meta":"","astra-migrate-meta-layouts":"default","ast-page-background-enabled":"default","ast-page-background-meta":{"desktop":{"background-color":"var(--ast-global-color-5)","background-image":"","background-repeat":"repeat","background-position":"center center","background-size":"auto","background-attachment":"scroll","background-type":"","background-media":"","overlay-type":"","overlay-color":"","overlay-opacity":"","overlay-gradient":""},"tablet":{"background-color":"","background-image":"","background-repeat":"repeat","background-position":"center center","background-size":"auto","background-attachment":"scroll","background-type":"","background-media":"","overlay-type":"","overlay-color":"","overlay-opacity":"","overlay-gradient":""},"mobile":{"background-color":"","background-image":"","background-repeat":"repeat","background-position":"center center","background-size":"auto","background-attachment":"scroll","background-type":"","background-media":"","overlay-type":"","overlay-color":"","overlay-opacity":"","overlay-gradient":""}},"ast-content-background-meta":{"desktop":{"background-color":"var(--ast-global-color-4)","background-image":"","background-repeat":"repeat","background-position":"center center","background-size":"auto","background-attachment":"scroll","background-type":"","background-media":"","overlay-type":"","overlay-color":"","overlay-opacity":"","overlay-gradient":""},"tablet":{"background-color":"var(--ast-global-color-4)","background-image":"","background-repeat":"repeat","background-position":"center center","background-size":"auto","background-attachment":"scroll","background-type":"","background-media":"","overlay-type":"","overlay-color":"","overlay-opacity":"","overlay-gradient":""},"mobile":{"background-color":"var(--ast-global-color-4)","background-image":"","background-repeat":"repeat","background-position":"center center","background-size":"auto","background-attachment":"scroll","background-type":"","background-media":"","overlay-type":"","overlay-color":"","overlay-opacity":"","overlay-gradient":""}},"footnotes":""},"class_list":["post-1319","page","type-page","status-publish","hentry"],"uagb_featured_image_src":{"full":false,"thumbnail":false,"medium":false,"medium_large":false,"large":false,"1536x1536":false,"2048x2048":false},"uagb_author_info":{"display_name":"Arthur Santos","author_link":"http:\/\/criasdocabana.art.br\/?author=2"},"uagb_comment_info":0,"uagb_excerpt":"O PROJETO ARTES DE CURAR, REZAR E BRINCAR Uma destas a\u00e7\u00f5es \u00e9 o projeto Artes de Curar, Rezar e Brincar: saberes, tradi\u00e7\u00f5es e resist\u00eancias ao apagamento no aglomerado Cabana do Pai Tom\u00e1s (aprovado na Chamada FAPEMIG 001\/2021 &#8211; Demanda Universal).\u00a0 O desejo de realiza\u00e7\u00e3o desse projeto partiu de uma demanda da pr\u00f3pria comunidade a respeito&hellip;","_links":{"self":[{"href":"http:\/\/criasdocabana.art.br\/index.php?rest_route=\/wp\/v2\/pages\/1319","targetHints":{"allow":["GET"]}}],"collection":[{"href":"http:\/\/criasdocabana.art.br\/index.php?rest_route=\/wp\/v2\/pages"}],"about":[{"href":"http:\/\/criasdocabana.art.br\/index.php?rest_route=\/wp\/v2\/types\/page"}],"author":[{"embeddable":true,"href":"http:\/\/criasdocabana.art.br\/index.php?rest_route=\/wp\/v2\/users\/2"}],"replies":[{"embeddable":true,"href":"http:\/\/criasdocabana.art.br\/index.php?rest_route=%2Fwp%2Fv2%2Fcomments&post=1319"}],"version-history":[{"count":23,"href":"http:\/\/criasdocabana.art.br\/index.php?rest_route=\/wp\/v2\/pages\/1319\/revisions"}],"predecessor-version":[{"id":1489,"href":"http:\/\/criasdocabana.art.br\/index.php?rest_route=\/wp\/v2\/pages\/1319\/revisions\/1489"}],"wp:attachment":[{"href":"http:\/\/criasdocabana.art.br\/index.php?rest_route=%2Fwp%2Fv2%2Fmedia&parent=1319"}],"curies":[{"name":"wp","href":"https:\/\/api.w.org\/{rel}","templated":true}]}}