{"id":27,"date":"2024-11-09T12:03:34","date_gmt":"2024-11-09T15:03:34","guid":{"rendered":"http:\/\/localhost\/criasdocabana\/?page_id=27"},"modified":"2025-04-24T09:36:15","modified_gmt":"2025-04-24T12:36:15","slug":"um-museu-colaborativo","status":"publish","type":"page","link":"http:\/\/criasdocabana.art.br\/?page_id=27","title":{"rendered":"Um Museu Colaborativo"},"content":{"rendered":"\t\t<div data-elementor-type=\"wp-page\" data-elementor-id=\"27\" class=\"elementor elementor-27\">\n\t\t\t\t<div class=\"elementor-element elementor-element-53b2865 e-con-full e-flex wpr-particle-no wpr-jarallax-no wpr-parallax-no wpr-sticky-section-no elementor-invisible e-con e-parent\" data-id=\"53b2865\" data-element_type=\"container\" data-settings=\"{&quot;animation&quot;:&quot;fadeIn&quot;}\">\n\t\t\t\t<div class=\"elementor-element elementor-element-4ded921 wpr-adv-slider-columns-1 wpr-adv-slider-columns--tablet1 wpr-adv-slider-columns--mobile1 wpr-adv-slides-to-scroll-1 wpr-slider-dots-horizontal elementor-invisible elementor-widget elementor-widget-wpr-advanced-slider\" data-id=\"4ded921\" data-element_type=\"widget\" data-settings=\"{&quot;_animation&quot;:&quot;fadeIn&quot;,&quot;slider_amount&quot;:1,&quot;slider_amount_tablet&quot;:1,&quot;slider_amount_mobile&quot;:1,&quot;slides_to_scroll&quot;:1,&quot;slider_loop&quot;:&quot;yes&quot;,&quot;slider_video_btn_size&quot;:&quot;medium&quot;}\" data-widget_type=\"wpr-advanced-slider.default\">\n\t\t\t\t<div class=\"elementor-widget-container\">\n\t\t\t\t\t\n\t\t<!-- Advanced Slider -->\n\t\t<div class=\"wpr-advanced-slider-wrap\">\n\t\t\t\n\t\t\t<div class=\"wpr-advanced-slider\" dir=\"ltr\" data-slick=\"{&quot;rtl&quot;:false,&quot;infinite&quot;:true,&quot;speed&quot;:700,&quot;arrows&quot;:true,&quot;dots&quot;:true,&quot;autoplay&quot;:false,&quot;autoplaySpeed&quot;:0,&quot;pauseOnHover&quot;:&quot;&quot;,&quot;prevArrow&quot;:&quot;#wpr-slider-prev-4ded921&quot;,&quot;nextArrow&quot;:&quot;#wpr-slider-next-4ded921&quot;,&quot;vertical&quot;:false,&quot;adaptiveHeight&quot;:true}\" data-video-btn-size=\"{&quot;widescreen&quot;:&quot;medium&quot;,&quot;desktop&quot;:&quot;medium&quot;,&quot;laptop&quot;:&quot;medium&quot;,&quot;tablet_extra&quot;:&quot;medium&quot;,&quot;tablet&quot;:&quot;medium&quot;,&quot;mobile_extra&quot;:&quot;medium&quot;,&quot;mobile&quot;:&quot;medium&quot;}\" data-slide-effect=\"fade\">\n\t\t\t\t<div class=\"wpr-slider-item elementor-repeater-item-352bc83\"><div class=\"wpr-slider-item-bg \" style=\"background-image: url(http:\/\/criasdocabana.art.br\/wp-content\/uploads\/2025\/01\/Imagem-Sobre.png)\"><\/div><div class=\"wpr-cv-container\"><div class=\"wpr-cv-outer\"><div class=\"wpr-cv-inner\"><\/div><\/div><\/div><\/div>\t\t\t<\/div>\n\t\t\t<div class=\"wpr-slider-controls\">\n\t\t\t\t<div class=\"wpr-slider-dots\"><\/div>\n\t\t\t<\/div>\n\n\t\t\t<div class=\"wpr-slider-arrow-container\">\n\t\t\t\t<div class=\"wpr-slider-prev-arrow wpr-slider-arrow\" id=\"wpr-slider-prev-4ded921\">\n\t\t\t\t\t<svg version=\"1.1\" xmlns=\"http:\/\/www.w3.org\/2000\/svg\" xmlns:xlink=\"http:\/\/www.w3.org\/1999\/xlink\" x=\"0px\" y=\"0px\" viewBox=\"0 0 283.4 512\" style=\"enable-background:new 0 0 283.4 512;\" xml:space=\"preserve\"><g><polygon class=\"st0\" points=\"54.5,256.3 283.4,485.1 256.1,512.5 0,256.3 0,256.3 27.2,229 256.1,0 283.4,27.4 \"\/><\/g><\/svg>\t\t\t\t<\/div>\n\t\t\t\t<div class=\"wpr-slider-next-arrow wpr-slider-arrow\" id=\"wpr-slider-next-4ded921\">\n\t\t\t\t\t<svg version=\"1.1\" xmlns=\"http:\/\/www.w3.org\/2000\/svg\" xmlns:xlink=\"http:\/\/www.w3.org\/1999\/xlink\" x=\"0px\" y=\"0px\" viewBox=\"0 0 283.4 512\" style=\"enable-background:new 0 0 283.4 512;\" xml:space=\"preserve\"><g><polygon class=\"st0\" points=\"54.5,256.3 283.4,485.1 256.1,512.5 0,256.3 0,256.3 27.2,229 256.1,0 283.4,27.4 \"\/><\/g><\/svg>\t\t\t\t<\/div>\n\t\t\t<\/div>\n\t\t\t\n\t\t\t\n\t\t<\/div>\n\t\t\t\t\t\t<\/div>\n\t\t\t\t<\/div>\n\t\t\t\t<\/div>\n\t\t<div class=\"elementor-element elementor-element-a2da70b e-con-full e-flex wpr-particle-no wpr-jarallax-no wpr-parallax-no wpr-sticky-section-no elementor-invisible e-con e-parent\" data-id=\"a2da70b\" data-element_type=\"container\" data-settings=\"{&quot;animation&quot;:&quot;fadeInUp&quot;}\">\n\t\t\t\t<div class=\"elementor-element elementor-element-e0daf15 elementor-widget elementor-widget-heading\" data-id=\"e0daf15\" data-element_type=\"widget\" data-widget_type=\"heading.default\">\n\t\t\t\t<div class=\"elementor-widget-container\">\n\t\t\t\t\t<h1 class=\"elementor-heading-title elementor-size-default\">UM MUSEU COLABORATIVO<\/h1>\t\t\t\t<\/div>\n\t\t\t\t<\/div>\n\t\t\t\t<div class=\"elementor-element elementor-element-52bad55 elementor-widget elementor-widget-text-editor\" data-id=\"52bad55\" data-element_type=\"widget\" data-widget_type=\"text-editor.default\">\n\t\t\t\t<div class=\"elementor-widget-container\">\n\t\t\t\t\t\t\t\t\t<p><span style=\"font-weight: 400;\">O intuito do museu perpassa o registro, o mapeamento, a organiza\u00e7\u00e3o e a visibiliza\u00e7\u00e3o dos saberes ancestrais, tradicionais e populares do Aglomerado Cabana, relacionados \u00e0 medicina popular, \u00e0 religiosidade e \u00e0s brincadeiras de inf\u00e2ncia, al\u00e9m de outros, visando a valoriza\u00e7\u00e3o e a preserva\u00e7\u00e3o da mem\u00f3ria e da hist\u00f3ria local.\u00a0<\/span><\/p>\t\t\t\t\t\t\t\t<\/div>\n\t\t\t\t<\/div>\n\t\t\t\t<\/div>\n\t\t<div class=\"elementor-element elementor-element-8c3d940 e-con-full e-flex wpr-particle-no wpr-jarallax-no wpr-parallax-no wpr-sticky-section-no elementor-invisible e-con e-parent\" data-id=\"8c3d940\" data-element_type=\"container\" data-settings=\"{&quot;animation&quot;:&quot;fadeInUp&quot;}\">\n\t\t<div class=\"elementor-element elementor-element-848abfb e-con-full e-flex wpr-particle-no wpr-jarallax-no wpr-parallax-no wpr-sticky-section-no e-con e-child\" data-id=\"848abfb\" data-element_type=\"container\">\n\t\t\t\t<div class=\"elementor-element elementor-element-5c408bc elementor-widget elementor-widget-image\" data-id=\"5c408bc\" data-element_type=\"widget\" data-widget_type=\"image.default\">\n\t\t\t\t<div class=\"elementor-widget-container\">\n\t\t\t\t\t\t\t\t\t\t\t\t\t\t\t<img decoding=\"async\" src=\"\/\/criasdocabana.art.br\/wp-content\/uploads\/2025\/01\/UM-MUSEU-COLABORATIVO.png\" title=\"\" alt=\"\" loading=\"lazy\" \/>\t\t\t\t\t\t\t\t\t\t\t\t\t\t\t<\/div>\n\t\t\t\t<\/div>\n\t\t\t\t<\/div>\n\t\t<div class=\"elementor-element elementor-element-ff0d9b7 e-con-full e-flex wpr-particle-no wpr-jarallax-no wpr-parallax-no wpr-sticky-section-no e-con e-child\" data-id=\"ff0d9b7\" data-element_type=\"container\">\n\t\t\t\t<div class=\"elementor-element elementor-element-b7624f8 elementor-widget elementor-widget-text-editor\" data-id=\"b7624f8\" data-element_type=\"widget\" data-widget_type=\"text-editor.default\">\n\t\t\t\t<div class=\"elementor-widget-container\">\n\t\t\t\t\t\t\t\t\t<p><span style=\"font-weight: 400;\">\u00c9 uma forma de contar a hist\u00f3ria, por outros olhares, de um territ\u00f3rio fortemente marcado pelas resist\u00eancias, desde a sua funda\u00e7\u00e3o oficial, em 1963. Por\u00e9m, o <\/span><b><i>Museu Crias do Cabana<\/i><\/b><span style=\"font-weight: 400;\"> ultrapassa esses marcos oficiais.<\/span><\/p><p><span style=\"font-weight: 400;\">Contar a hist\u00f3ria e registrar as mem\u00f3rias do territ\u00f3rio, a partir dos seus moradores e moradoras, \u00e9 uma possibilidade de ver o Cabana pela perspectiva dos sujeitos que fizeram e fazem o territ\u00f3rio. \u00c9 tamb\u00e9m uma forma de afirmar identidades.\u00a0<\/span><\/p><p><span style=\"font-weight: 400;\">O museu compreende a comunidade como porta-voz e detentora da hist\u00f3ria local, rompendo com a ideia de uma hist\u00f3ria contada sob um molde colonizador. <\/span><\/p>\t\t\t\t\t\t\t\t<\/div>\n\t\t\t\t<\/div>\n\t\t\t\t<\/div>\n\t\t\t\t<\/div>\n\t\t<div class=\"elementor-element elementor-element-19204a3 e-con-full e-flex wpr-particle-no wpr-jarallax-no wpr-parallax-no wpr-sticky-section-no elementor-invisible e-con e-parent\" data-id=\"19204a3\" data-element_type=\"container\" data-settings=\"{&quot;animation&quot;:&quot;fadeInUp&quot;}\">\n\t\t\t\t<div class=\"elementor-element elementor-element-83815ef elementor-widget elementor-widget-text-editor\" data-id=\"83815ef\" data-element_type=\"widget\" data-widget_type=\"text-editor.default\">\n\t\t\t\t<div class=\"elementor-widget-container\">\n\t\t\t\t\t\t\t\t\t<p><span style=\"font-weight: 400;\">Elaborar um museu sob uma \u00f3tica colaborativa significa criar um espa\u00e7o de contraposi\u00e7\u00e3o a um modelo euroc\u00eantrico e excludente. Por esse caminho, amplia-se a compreens\u00e3o dos lugares de mem\u00f3ria como tamb\u00e9m locais de preserva\u00e7\u00e3o e reconhecimento dos patrim\u00f4nios hist\u00f3ricos representativos de uma comunidade, a partir de suas experi\u00eancias e formas de estar no mundo.<\/span><\/p><p><span style=\"font-weight: 400;\">A proposta do <\/span><b><i>Museu Crias do Cabana <\/i><\/b><span style=\"font-weight: 400;\">parte de um desejo expresso pela comunidade. O virtual e o tecnol\u00f3gico abrem espa\u00e7o para recuperar e construir afetos, contatos, colabora\u00e7\u00f5es que d\u00e3o lugar a outras hist\u00f3rias do Cabana.<\/span><\/p><p>O nome<em> Crias do Cabana<\/em> foi uma escolha da pr\u00f3pria comunidade. &#8220;Crias&#8221; \u00e9 uma g\u00edria comum no territ\u00f3rio. O termo faz refer\u00eancia aos sujeitos que pertencem \u00e0 Cabana como tamb\u00e9m \u00e0s diversas cria\u00e7\u00f5es feitas por eles ao longo da hist\u00f3ria.<\/p>\t\t\t\t\t\t\t\t<\/div>\n\t\t\t\t<\/div>\n\t\t\t\t<\/div>\n\t\t<footer class=\"elementor-element elementor-element-cf430eb e-flex e-con-boxed wpr-particle-no wpr-jarallax-no wpr-parallax-no wpr-sticky-section-no e-con e-parent\" data-id=\"cf430eb\" data-element_type=\"container\">\n\t\t\t\t\t<div class=\"e-con-inner\">\n\t\t<div class=\"elementor-element elementor-element-a6883d6 e-con-full e-flex wpr-particle-no wpr-jarallax-no wpr-parallax-no wpr-sticky-section-no e-con e-child\" data-id=\"a6883d6\" data-element_type=\"container\">\n\t\t\t\t<div class=\"elementor-element elementor-element-fa467b2 elementor-widget elementor-widget-heading\" data-id=\"fa467b2\" data-element_type=\"widget\" data-widget_type=\"heading.default\">\n\t\t\t\t<div class=\"elementor-widget-container\">\n\t\t\t\t\t<p class=\"elementor-heading-title elementor-size-default\">Realiza\u00e7\u00e3o<\/p>\t\t\t\t<\/div>\n\t\t\t\t<\/div>\n\t\t<div class=\"elementor-element elementor-element-c9fbf72 e-grid e-con-full wpr-particle-no wpr-jarallax-no wpr-parallax-no wpr-sticky-section-no e-con e-child\" data-id=\"c9fbf72\" data-element_type=\"container\">\n\t\t\t\t<div class=\"elementor-element elementor-element-0ecdf07 elementor-widget elementor-widget-image\" data-id=\"0ecdf07\" data-element_type=\"widget\" data-widget_type=\"image.default\">\n\t\t\t\t<div class=\"elementor-widget-container\">\n\t\t\t\t\t\t\t\t\t\t\t\t\t\t\t<img decoding=\"async\" src=\"\/\/criasdocabana.art.br\/wp-content\/uploads\/2025\/01\/SoFiA-sem-fundo.png\" title=\"\" alt=\"\" loading=\"lazy\" \/>\t\t\t\t\t\t\t\t\t\t\t\t\t\t\t<\/div>\n\t\t\t\t<\/div>\n\t\t\t\t<\/div>\n\t\t\t\t<\/div>\n\t\t<div class=\"elementor-element elementor-element-139aeb7 e-con-full e-flex wpr-particle-no wpr-jarallax-no wpr-parallax-no wpr-sticky-section-no e-con e-child\" data-id=\"139aeb7\" data-element_type=\"container\">\n\t\t\t\t<div class=\"elementor-element elementor-element-ff71fc1 elementor-widget elementor-widget-heading\" data-id=\"ff71fc1\" data-element_type=\"widget\" data-widget_type=\"heading.default\">\n\t\t\t\t<div class=\"elementor-widget-container\">\n\t\t\t\t\t<p class=\"elementor-heading-title elementor-size-default\">Financiamento<\/p>\t\t\t\t<\/div>\n\t\t\t\t<\/div>\n\t\t<div class=\"elementor-element elementor-element-3c2e23a e-grid e-con-full wpr-particle-no wpr-jarallax-no wpr-parallax-no wpr-sticky-section-no e-con e-child\" data-id=\"3c2e23a\" data-element_type=\"container\">\n\t\t\t\t<div class=\"elementor-element elementor-element-47e9510 elementor-widget elementor-widget-image\" data-id=\"47e9510\" data-element_type=\"widget\" data-widget_type=\"image.default\">\n\t\t\t\t<div class=\"elementor-widget-container\">\n\t\t\t\t\t\t\t\t\t\t\t\t\t\t\t<img decoding=\"async\" src=\"\/\/criasdocabana.art.br\/wp-content\/uploads\/2025\/01\/Fapemig-sem-fundo.png\" title=\"\" alt=\"\" loading=\"lazy\" \/>\t\t\t\t\t\t\t\t\t\t\t\t\t\t\t<\/div>\n\t\t\t\t<\/div>\n\t\t\t\t<div class=\"elementor-element elementor-element-596bde4 elementor-widget elementor-widget-image\" data-id=\"596bde4\" data-element_type=\"widget\" data-widget_type=\"image.default\">\n\t\t\t\t<div class=\"elementor-widget-container\">\n\t\t\t\t\t\t\t\t\t\t\t\t\t\t\t<img decoding=\"async\" src=\"\/\/criasdocabana.art.br\/wp-content\/uploads\/2025\/01\/DEDC.png\" title=\"\" alt=\"\" loading=\"lazy\" \/>\t\t\t\t\t\t\t\t\t\t\t\t\t\t\t<\/div>\n\t\t\t\t<\/div>\n\t\t\t\t<\/div>\n\t\t\t\t<\/div>\n\t\t<div class=\"elementor-element elementor-element-96bc431 e-con-full e-flex wpr-particle-no wpr-jarallax-no wpr-parallax-no wpr-sticky-section-no e-con e-child\" data-id=\"96bc431\" data-element_type=\"container\">\n\t\t\t\t<div class=\"elementor-element elementor-element-d7ec463 elementor-widget elementor-widget-heading\" data-id=\"d7ec463\" data-element_type=\"widget\" data-widget_type=\"heading.default\">\n\t\t\t\t<div class=\"elementor-widget-container\">\n\t\t\t\t\t<p class=\"elementor-heading-title elementor-size-default\">Parceiros<\/p>\t\t\t\t<\/div>\n\t\t\t\t<\/div>\n\t\t<div class=\"elementor-element elementor-element-90e9fda e-grid e-con-full wpr-particle-no wpr-jarallax-no wpr-parallax-no wpr-sticky-section-no e-con e-child\" data-id=\"90e9fda\" data-element_type=\"container\">\n\t\t\t\t<div class=\"elementor-element elementor-element-6356ce4 elementor-widget elementor-widget-image\" data-id=\"6356ce4\" data-element_type=\"widget\" data-widget_type=\"image.default\">\n\t\t\t\t<div class=\"elementor-widget-container\">\n\t\t\t\t\t\t\t\t\t\t\t\t\t\t\t<img decoding=\"async\" src=\"\/\/criasdocabana.art.br\/wp-content\/uploads\/2025\/01\/image.png\" title=\"\" alt=\"\" loading=\"lazy\" \/>\t\t\t\t\t\t\t\t\t\t\t\t\t\t\t<\/div>\n\t\t\t\t<\/div>\n\t\t\t\t<div class=\"elementor-element elementor-element-a43296a elementor-widget elementor-widget-image\" data-id=\"a43296a\" data-element_type=\"widget\" data-widget_type=\"image.default\">\n\t\t\t\t<div class=\"elementor-widget-container\">\n\t\t\t\t\t\t\t\t\t\t\t\t\t\t\t<img decoding=\"async\" src=\"\/\/criasdocabana.art.br\/wp-content\/uploads\/2025\/01\/COMPET.png\" title=\"\" alt=\"\" loading=\"lazy\" \/>\t\t\t\t\t\t\t\t\t\t\t\t\t\t\t<\/div>\n\t\t\t\t<\/div>\n\t\t\t\t<div class=\"elementor-element elementor-element-f9377c7 elementor-widget elementor-widget-image\" data-id=\"f9377c7\" data-element_type=\"widget\" data-widget_type=\"image.default\">\n\t\t\t\t<div class=\"elementor-widget-container\">\n\t\t\t\t\t\t\t\t\t\t\t\t\t\t\t<img decoding=\"async\" src=\"\/\/criasdocabana.art.br\/wp-content\/uploads\/2025\/01\/PET-CONNECTTE.png\" title=\"\" alt=\"\" loading=\"lazy\" \/>\t\t\t\t\t\t\t\t\t\t\t\t\t\t\t<\/div>\n\t\t\t\t<\/div>\n\t\t\t\t<div class=\"elementor-element elementor-element-8ec76ba elementor-widget elementor-widget-image\" data-id=\"8ec76ba\" data-element_type=\"widget\" data-widget_type=\"image.default\">\n\t\t\t\t<div class=\"elementor-widget-container\">\n\t\t\t\t\t\t\t\t\t\t\t\t\t\t\t<img decoding=\"async\" src=\"\/\/criasdocabana.art.br\/wp-content\/uploads\/2025\/01\/GEPTT.png\" title=\"\" alt=\"\" loading=\"lazy\" \/>\t\t\t\t\t\t\t\t\t\t\t\t\t\t\t<\/div>\n\t\t\t\t<\/div>\n\t\t\t\t<\/div>\n\t\t\t\t<\/div>\n\t\t\t\t\t<\/div>\n\t\t\t\t<\/footer>\n\t\t\t\t<\/div>\n\t\t","protected":false},"excerpt":{"rendered":"<p>UM MUSEU COLABORATIVO O intuito do museu perpassa o registro, o mapeamento, a organiza\u00e7\u00e3o e a visibiliza\u00e7\u00e3o dos saberes ancestrais, tradicionais e populares do Aglomerado Cabana, relacionados \u00e0 medicina popular, \u00e0 religiosidade e \u00e0s brincadeiras de inf\u00e2ncia, al\u00e9m de outros, visando a valoriza\u00e7\u00e3o e a preserva\u00e7\u00e3o da mem\u00f3ria e da hist\u00f3ria local.\u00a0 \u00c9 uma forma de contar a hist\u00f3ria, por outros olhares, de um territ\u00f3rio fortemente marcado pelas resist\u00eancias, desde a sua funda\u00e7\u00e3o oficial, em 1963. Por\u00e9m, o Museu Crias do Cabana ultrapassa esses marcos oficiais. Contar a hist\u00f3ria e registrar as mem\u00f3rias do territ\u00f3rio, a partir dos seus moradores e moradoras, \u00e9 uma possibilidade de ver o Cabana pela perspectiva dos sujeitos que fizeram e fazem o territ\u00f3rio. \u00c9 tamb\u00e9m uma forma de afirmar identidades.\u00a0 O museu compreende a comunidade como porta-voz e detentora da hist\u00f3ria local, rompendo com a ideia de uma hist\u00f3ria contada sob um molde colonizador. Elaborar um museu sob uma \u00f3tica colaborativa significa criar um espa\u00e7o de contraposi\u00e7\u00e3o a um modelo euroc\u00eantrico e excludente. Por esse caminho, amplia-se a compreens\u00e3o dos lugares de mem\u00f3ria como tamb\u00e9m locais de preserva\u00e7\u00e3o e reconhecimento dos patrim\u00f4nios hist\u00f3ricos representativos de uma comunidade, a partir de suas experi\u00eancias e formas de estar no mundo. A proposta do Museu Crias do Cabana parte de um desejo expresso pela comunidade. O virtual e o tecnol\u00f3gico abrem espa\u00e7o para recuperar e construir afetos, contatos, colabora\u00e7\u00f5es que d\u00e3o lugar a outras hist\u00f3rias do Cabana. O nome Crias do Cabana foi uma escolha da pr\u00f3pria comunidade. &#8220;Crias&#8221; \u00e9 uma g\u00edria comum no territ\u00f3rio. O termo faz refer\u00eancia aos sujeitos que pertencem \u00e0 Cabana como tamb\u00e9m \u00e0s diversas cria\u00e7\u00f5es feitas por eles ao longo da hist\u00f3ria. Realiza\u00e7\u00e3o Financiamento Parceiros<\/p>\n","protected":false},"author":2,"featured_media":0,"parent":0,"menu_order":0,"comment_status":"closed","ping_status":"closed","template":"","meta":{"_uag_custom_page_level_css":"","site-sidebar-layout":"no-sidebar","site-content-layout":"","ast-site-content-layout":"full-width-container","site-content-style":"default","site-sidebar-style":"default","ast-global-header-display":"","ast-banner-title-visibility":"","ast-main-header-display":"","ast-hfb-above-header-display":"","ast-hfb-below-header-display":"","ast-hfb-mobile-header-display":"","site-post-title":"disabled","ast-breadcrumbs-content":"","ast-featured-img":"disabled","footer-sml-layout":"","theme-transparent-header-meta":"","adv-header-id-meta":"","stick-header-meta":"","header-above-stick-meta":"","header-main-stick-meta":"","header-below-stick-meta":"","astra-migrate-meta-layouts":"default","ast-page-background-enabled":"default","ast-page-background-meta":{"desktop":{"background-color":"var(--ast-global-color-5)","background-image":"","background-repeat":"repeat","background-position":"center center","background-size":"auto","background-attachment":"scroll","background-type":"","background-media":"","overlay-type":"","overlay-color":"","overlay-opacity":"","overlay-gradient":""},"tablet":{"background-color":"","background-image":"","background-repeat":"repeat","background-position":"center center","background-size":"auto","background-attachment":"scroll","background-type":"","background-media":"","overlay-type":"","overlay-color":"","overlay-opacity":"","overlay-gradient":""},"mobile":{"background-color":"","background-image":"","background-repeat":"repeat","background-position":"center center","background-size":"auto","background-attachment":"scroll","background-type":"","background-media":"","overlay-type":"","overlay-color":"","overlay-opacity":"","overlay-gradient":""}},"ast-content-background-meta":{"desktop":{"background-color":"var(--ast-global-color-4)","background-image":"","background-repeat":"repeat","background-position":"center center","background-size":"auto","background-attachment":"scroll","background-type":"","background-media":"","overlay-type":"","overlay-color":"","overlay-opacity":"","overlay-gradient":""},"tablet":{"background-color":"var(--ast-global-color-4)","background-image":"","background-repeat":"repeat","background-position":"center center","background-size":"auto","background-attachment":"scroll","background-type":"","background-media":"","overlay-type":"","overlay-color":"","overlay-opacity":"","overlay-gradient":""},"mobile":{"background-color":"var(--ast-global-color-4)","background-image":"","background-repeat":"repeat","background-position":"center center","background-size":"auto","background-attachment":"scroll","background-type":"","background-media":"","overlay-type":"","overlay-color":"","overlay-opacity":"","overlay-gradient":""}},"footnotes":""},"class_list":["post-27","page","type-page","status-publish","hentry"],"uagb_featured_image_src":{"full":false,"thumbnail":false,"medium":false,"medium_large":false,"large":false,"1536x1536":false,"2048x2048":false},"uagb_author_info":{"display_name":"Arthur Santos","author_link":"http:\/\/criasdocabana.art.br\/?author=2"},"uagb_comment_info":0,"uagb_excerpt":"UM MUSEU COLABORATIVO O intuito do museu perpassa o registro, o mapeamento, a organiza\u00e7\u00e3o e a visibiliza\u00e7\u00e3o dos saberes ancestrais, tradicionais e populares do Aglomerado Cabana, relacionados \u00e0 medicina popular, \u00e0 religiosidade e \u00e0s brincadeiras de inf\u00e2ncia, al\u00e9m de outros, visando a valoriza\u00e7\u00e3o e a preserva\u00e7\u00e3o da mem\u00f3ria e da hist\u00f3ria local.\u00a0 \u00c9 uma forma&hellip;","_links":{"self":[{"href":"http:\/\/criasdocabana.art.br\/index.php?rest_route=\/wp\/v2\/pages\/27","targetHints":{"allow":["GET"]}}],"collection":[{"href":"http:\/\/criasdocabana.art.br\/index.php?rest_route=\/wp\/v2\/pages"}],"about":[{"href":"http:\/\/criasdocabana.art.br\/index.php?rest_route=\/wp\/v2\/types\/page"}],"author":[{"embeddable":true,"href":"http:\/\/criasdocabana.art.br\/index.php?rest_route=\/wp\/v2\/users\/2"}],"replies":[{"embeddable":true,"href":"http:\/\/criasdocabana.art.br\/index.php?rest_route=%2Fwp%2Fv2%2Fcomments&post=27"}],"version-history":[{"count":218,"href":"http:\/\/criasdocabana.art.br\/index.php?rest_route=\/wp\/v2\/pages\/27\/revisions"}],"predecessor-version":[{"id":1483,"href":"http:\/\/criasdocabana.art.br\/index.php?rest_route=\/wp\/v2\/pages\/27\/revisions\/1483"}],"wp:attachment":[{"href":"http:\/\/criasdocabana.art.br\/index.php?rest_route=%2Fwp%2Fv2%2Fmedia&parent=27"}],"curies":[{"name":"wp","href":"https:\/\/api.w.org\/{rel}","templated":true}]}}