{"id":652,"date":"2025-01-29T08:07:52","date_gmt":"2025-01-29T11:07:52","guid":{"rendered":"http:\/\/criasdocabana.art.br\/?page_id=652"},"modified":"2025-04-24T09:43:24","modified_gmt":"2025-04-24T12:43:24","slug":"home","status":"publish","type":"page","link":"http:\/\/criasdocabana.art.br\/","title":{"rendered":"Home"},"content":{"rendered":"\t\t<div data-elementor-type=\"wp-page\" data-elementor-id=\"652\" class=\"elementor elementor-652\">\n\t\t\t\t<div class=\"elementor-element elementor-element-5fd97d2 e-con-full e-flex wpr-particle-no wpr-jarallax-no wpr-parallax-no wpr-sticky-section-no elementor-invisible e-con e-parent\" data-id=\"5fd97d2\" data-element_type=\"container\" data-settings=\"{&quot;animation&quot;:&quot;fadeIn&quot;}\">\n\t\t\t\t<div class=\"elementor-element elementor-element-7d936ae wpr-adv-slider-columns-1 wpr-adv-slider-columns--tablet1 wpr-adv-slider-columns--mobile1 wpr-adv-slides-to-scroll-1 wpr-slider-dots-horizontal elementor-invisible elementor-widget elementor-widget-wpr-advanced-slider\" data-id=\"7d936ae\" data-element_type=\"widget\" data-settings=\"{&quot;_animation&quot;:&quot;fadeIn&quot;,&quot;slider_amount&quot;:1,&quot;slider_amount_tablet&quot;:1,&quot;slider_amount_mobile&quot;:1,&quot;slides_to_scroll&quot;:1,&quot;slider_loop&quot;:&quot;yes&quot;,&quot;slider_video_btn_size&quot;:&quot;medium&quot;}\" data-widget_type=\"wpr-advanced-slider.default\">\n\t\t\t\t<div class=\"elementor-widget-container\">\n\t\t\t\t\t\n\t\t<!-- Advanced Slider -->\n\t\t<div class=\"wpr-advanced-slider-wrap\">\n\t\t\t\n\t\t\t<div class=\"wpr-advanced-slider\" dir=\"ltr\" data-slick=\"{&quot;rtl&quot;:false,&quot;infinite&quot;:true,&quot;speed&quot;:700,&quot;arrows&quot;:true,&quot;dots&quot;:true,&quot;autoplay&quot;:false,&quot;autoplaySpeed&quot;:0,&quot;pauseOnHover&quot;:&quot;&quot;,&quot;prevArrow&quot;:&quot;#wpr-slider-prev-7d936ae&quot;,&quot;nextArrow&quot;:&quot;#wpr-slider-next-7d936ae&quot;,&quot;vertical&quot;:false,&quot;adaptiveHeight&quot;:true}\" data-video-btn-size=\"{&quot;widescreen&quot;:&quot;medium&quot;,&quot;desktop&quot;:&quot;medium&quot;,&quot;laptop&quot;:&quot;medium&quot;,&quot;tablet_extra&quot;:&quot;medium&quot;,&quot;tablet&quot;:&quot;medium&quot;,&quot;mobile_extra&quot;:&quot;medium&quot;,&quot;mobile&quot;:&quot;medium&quot;}\" data-slide-effect=\"slide\">\n\t\t\t\t<div class=\"wpr-slider-item elementor-repeater-item-ef23b8e\"><div class=\"wpr-slider-item-bg \" style=\"background-image: url(http:\/\/criasdocabana.art.br\/wp-content\/uploads\/2025\/01\/Imagem-HomePage.png)\"><\/div><div class=\"wpr-slider-item-overlay\"><\/div><div class=\"wpr-cv-container\"><div class=\"wpr-cv-outer\"><div class=\"wpr-cv-inner\"><\/div><\/div><\/div><\/div><div class=\"wpr-slider-item elementor-repeater-item-17df3d3\"><div class=\"wpr-slider-item-bg \" style=\"background-image: url(http:\/\/criasdocabana.art.br\/wp-content\/uploads\/2025\/01\/Imagem-Sobre.png)\"><\/div><div class=\"wpr-slider-item-overlay\"><\/div><div class=\"wpr-cv-container\"><div class=\"wpr-cv-outer\"><div class=\"wpr-cv-inner\"><div class=\"wpr-slider-content\"><div class=\"wpr-slider-btns\"><a class=\"wpr-slider-primary-btn\" href=\"http:\/\/criasdocabana.art.br\/?page_id=27\">CONFIRA<\/a><\/div><\/div><\/div><\/div><\/div><\/div><div class=\"wpr-slider-item elementor-repeater-item-b888b2d\"><div class=\"wpr-slider-item-bg \" style=\"background-image: url(http:\/\/criasdocabana.art.br\/wp-content\/uploads\/2025\/01\/Imagem-OAglomeradoCabnaDoPaiTomas.png)\"><\/div><div class=\"wpr-slider-item-overlay\"><\/div><div class=\"wpr-cv-container\"><div class=\"wpr-cv-outer\"><div class=\"wpr-cv-inner\"><div class=\"wpr-slider-content\"><div class=\"wpr-slider-btns\"><a class=\"wpr-slider-primary-btn\" href=\"http:\/\/criasdocabana.art.br\/?page_id=40\">CONFIRA<\/a><\/div><\/div><\/div><\/div><\/div><\/div>\t\t\t<\/div>\n\t\t\t<div class=\"wpr-slider-controls\">\n\t\t\t\t<div class=\"wpr-slider-dots\"><\/div>\n\t\t\t<\/div>\n\n\t\t\t<div class=\"wpr-slider-arrow-container\">\n\t\t\t\t<div class=\"wpr-slider-prev-arrow wpr-slider-arrow\" id=\"wpr-slider-prev-7d936ae\">\n\t\t\t\t\t<i class=\"fas fa-arrow-alt-circle-left\"><\/i>\t\t\t\t<\/div>\n\t\t\t\t<div class=\"wpr-slider-next-arrow wpr-slider-arrow\" id=\"wpr-slider-next-7d936ae\">\n\t\t\t\t\t<i class=\"fas fa-arrow-alt-circle-left\"><\/i>\t\t\t\t<\/div>\n\t\t\t<\/div>\n\t\t\t\n\t\t\t\n\t\t<\/div>\n\t\t\t\t\t\t<\/div>\n\t\t\t\t<\/div>\n\t\t\t\t<\/div>\n\t\t<div class=\"elementor-element elementor-element-4a18346 e-con-full e-flex wpr-particle-no wpr-jarallax-no wpr-parallax-no wpr-sticky-section-no elementor-invisible e-con e-parent\" data-id=\"4a18346\" data-element_type=\"container\" data-settings=\"{&quot;animation&quot;:&quot;fadeInUp&quot;}\">\n\t\t<div class=\"elementor-element elementor-element-965731c e-con-full e-flex wpr-particle-no wpr-jarallax-no wpr-parallax-no wpr-sticky-section-no e-con e-child\" data-id=\"965731c\" data-element_type=\"container\">\n\t\t\t\t<div class=\"elementor-element elementor-element-69e984d elementor-widget__width-initial elementor-widget elementor-widget-image\" data-id=\"69e984d\" data-element_type=\"widget\" data-widget_type=\"image.default\">\n\t\t\t\t<div class=\"elementor-widget-container\">\n\t\t\t\t\t\t\t\t\t\t\t\t\t\t\t<img decoding=\"async\" src=\"\/\/criasdocabana.art.br\/wp-content\/uploads\/2025\/01\/marca_vertical_colorida.png\" title=\"\" alt=\"\" loading=\"lazy\" \/>\t\t\t\t\t\t\t\t\t\t\t\t\t\t\t<\/div>\n\t\t\t\t<\/div>\n\t\t\t\t<\/div>\n\t\t<div class=\"elementor-element elementor-element-de75cd6 e-con-full e-flex wpr-particle-no wpr-jarallax-no wpr-parallax-no wpr-sticky-section-no e-con e-child\" data-id=\"de75cd6\" data-element_type=\"container\">\n\t\t\t\t<div class=\"elementor-element elementor-element-45c469a elementor-widget elementor-widget-heading\" data-id=\"45c469a\" data-element_type=\"widget\" data-widget_type=\"heading.default\">\n\t\t\t\t<div class=\"elementor-widget-container\">\n\t\t\t\t\t<h1 class=\"elementor-heading-title elementor-size-default\">O MUSEU<\/h1>\t\t\t\t<\/div>\n\t\t\t\t<\/div>\n\t\t\t\t<div class=\"elementor-element elementor-element-369d3fa elementor-widget elementor-widget-text-editor\" data-id=\"369d3fa\" data-element_type=\"widget\" data-widget_type=\"text-editor.default\">\n\t\t\t\t<div class=\"elementor-widget-container\">\n\t\t\t\t\t\t\t\t\t<p><span style=\"font-weight: 400;\">O Museu <\/span><b><i>Crias do Cabana<\/i><\/b><span style=\"font-weight: 400;\"> \u00e9 um museu virtual, aberto e colaborativo, cujo intuito \u00e9 construir exposi\u00e7\u00f5es interativas das hist\u00f3rias e mem\u00f3rias de moradoras e moradores do Aglomerado Cabana do Pai Tom\u00e1s, em Belo Horizonte, Minas Gerais.\u00a0 A proposta \u00e9 uma iniciativa do projeto \u201cArtes de Curar, Rezar e Brincar: saberes, tradi\u00e7\u00f5es e suas resist\u00eancias ao apagamento no Aglomerado Cabana do Pai Tom\u00e1s\u201d, que surgiu em 2020, como parte do Programa SoFiA de Extens\u00e3o Popular e Divulga\u00e7\u00e3o Cient\u00edfica, do Centro Federal de Educa\u00e7\u00e3o Tecnol\u00f3gica de Minas Gerais (CEFET-MG).<\/span><\/p>\t\t\t\t\t\t\t\t<\/div>\n\t\t\t\t<\/div>\n\t\t\t\t<\/div>\n\t\t\t\t<\/div>\n\t\t<div class=\"elementor-element elementor-element-a884472 e-con-full e-flex wpr-particle-no wpr-jarallax-no wpr-parallax-no wpr-sticky-section-no elementor-invisible e-con e-parent\" data-id=\"a884472\" data-element_type=\"container\" data-settings=\"{&quot;animation&quot;:&quot;fadeInUp&quot;}\">\n\t\t\t\t<div class=\"elementor-element elementor-element-7c2171f elementor-widget elementor-widget-text-editor\" data-id=\"7c2171f\" data-element_type=\"widget\" data-widget_type=\"text-editor.default\">\n\t\t\t\t<div class=\"elementor-widget-container\">\n\t\t\t\t\t\t\t\t\t<p><span style=\"font-weight: 400;\">O desenvolvimento tecnol\u00f3gico do Museu virtual foi viabilizado a partir da parceria com o COMPET, Grupo do Programa de Educa\u00e7\u00e3o Tutorial (PET), vinculado ao curso Engenharia de Computa\u00e7\u00e3o do CEFET-MG e tamb\u00e9m do Grupo PET ConecTTE CEFET-MG: conex\u00e3o interdisciplinar entre trabalho, tecnologias e educa\u00e7\u00e3o.\u00a0<\/span><\/p><p><span style=\"font-weight: 400;\">A iniciativa reverbera a fun\u00e7\u00e3o social do CEFET-MG, ampliando o conceito de tecnologia e seus usos sociais, considerando o papel da institui\u00e7\u00e3o na democratiza\u00e7\u00e3o do conhecimento e no registro e na preserva\u00e7\u00e3o de saberes ancestrais, tradicionais e populares.<\/span><\/p>\t\t\t\t\t\t\t\t<\/div>\n\t\t\t\t<\/div>\n\t\t\t\t<\/div>\n\t\t<footer class=\"elementor-element elementor-element-cd077b8 e-flex e-con-boxed wpr-particle-no wpr-jarallax-no wpr-parallax-no wpr-sticky-section-no e-con e-parent\" data-id=\"cd077b8\" data-element_type=\"container\">\n\t\t\t\t\t<div class=\"e-con-inner\">\n\t\t<div class=\"elementor-element elementor-element-6e34a7c e-con-full e-flex wpr-particle-no wpr-jarallax-no wpr-parallax-no wpr-sticky-section-no e-con e-child\" data-id=\"6e34a7c\" data-element_type=\"container\">\n\t\t\t\t<div class=\"elementor-element elementor-element-e6eb930 elementor-widget elementor-widget-heading\" data-id=\"e6eb930\" data-element_type=\"widget\" data-widget_type=\"heading.default\">\n\t\t\t\t<div class=\"elementor-widget-container\">\n\t\t\t\t\t<p class=\"elementor-heading-title elementor-size-default\">Realiza\u00e7\u00e3o<\/p>\t\t\t\t<\/div>\n\t\t\t\t<\/div>\n\t\t<div class=\"elementor-element elementor-element-f9e04c5 e-grid e-con-full wpr-particle-no wpr-jarallax-no wpr-parallax-no wpr-sticky-section-no e-con e-child\" data-id=\"f9e04c5\" data-element_type=\"container\">\n\t\t\t\t<div class=\"elementor-element elementor-element-8348adf elementor-widget elementor-widget-image\" data-id=\"8348adf\" data-element_type=\"widget\" data-widget_type=\"image.default\">\n\t\t\t\t<div class=\"elementor-widget-container\">\n\t\t\t\t\t\t\t\t\t\t\t\t\t\t\t<img decoding=\"async\" src=\"\/\/criasdocabana.art.br\/wp-content\/uploads\/2025\/01\/SoFiA-sem-fundo.png\" title=\"\" alt=\"\" loading=\"lazy\" \/>\t\t\t\t\t\t\t\t\t\t\t\t\t\t\t<\/div>\n\t\t\t\t<\/div>\n\t\t\t\t<\/div>\n\t\t\t\t<\/div>\n\t\t<div class=\"elementor-element elementor-element-1ba61eb e-con-full e-flex wpr-particle-no wpr-jarallax-no wpr-parallax-no wpr-sticky-section-no e-con e-child\" data-id=\"1ba61eb\" data-element_type=\"container\">\n\t\t\t\t<div class=\"elementor-element elementor-element-f55794d elementor-widget elementor-widget-heading\" data-id=\"f55794d\" data-element_type=\"widget\" data-widget_type=\"heading.default\">\n\t\t\t\t<div class=\"elementor-widget-container\">\n\t\t\t\t\t<p class=\"elementor-heading-title elementor-size-default\">Financiamento<\/p>\t\t\t\t<\/div>\n\t\t\t\t<\/div>\n\t\t<div class=\"elementor-element elementor-element-fc58b0f e-grid e-con-full wpr-particle-no wpr-jarallax-no wpr-parallax-no wpr-sticky-section-no e-con e-child\" data-id=\"fc58b0f\" data-element_type=\"container\">\n\t\t\t\t<div class=\"elementor-element elementor-element-adb638c elementor-widget elementor-widget-image\" data-id=\"adb638c\" data-element_type=\"widget\" data-widget_type=\"image.default\">\n\t\t\t\t<div class=\"elementor-widget-container\">\n\t\t\t\t\t\t\t\t\t\t\t\t\t\t\t<img decoding=\"async\" src=\"\/\/criasdocabana.art.br\/wp-content\/uploads\/2025\/01\/Fapemig-sem-fundo.png\" title=\"\" alt=\"\" loading=\"lazy\" \/>\t\t\t\t\t\t\t\t\t\t\t\t\t\t\t<\/div>\n\t\t\t\t<\/div>\n\t\t\t\t<div class=\"elementor-element elementor-element-bbcb8d0 elementor-widget elementor-widget-image\" data-id=\"bbcb8d0\" data-element_type=\"widget\" data-widget_type=\"image.default\">\n\t\t\t\t<div class=\"elementor-widget-container\">\n\t\t\t\t\t\t\t\t\t\t\t\t\t\t\t<img decoding=\"async\" src=\"\/\/criasdocabana.art.br\/wp-content\/uploads\/2025\/01\/DEDC.png\" title=\"\" alt=\"\" loading=\"lazy\" \/>\t\t\t\t\t\t\t\t\t\t\t\t\t\t\t<\/div>\n\t\t\t\t<\/div>\n\t\t\t\t<\/div>\n\t\t\t\t<\/div>\n\t\t<div class=\"elementor-element elementor-element-4f1d626 e-con-full e-flex wpr-particle-no wpr-jarallax-no wpr-parallax-no wpr-sticky-section-no e-con e-child\" data-id=\"4f1d626\" data-element_type=\"container\">\n\t\t\t\t<div class=\"elementor-element elementor-element-e8e2eb8 elementor-widget elementor-widget-heading\" data-id=\"e8e2eb8\" data-element_type=\"widget\" data-widget_type=\"heading.default\">\n\t\t\t\t<div class=\"elementor-widget-container\">\n\t\t\t\t\t<p class=\"elementor-heading-title elementor-size-default\">Parceiros<\/p>\t\t\t\t<\/div>\n\t\t\t\t<\/div>\n\t\t<div class=\"elementor-element elementor-element-8b69981 e-grid e-con-full wpr-particle-no wpr-jarallax-no wpr-parallax-no wpr-sticky-section-no e-con e-child\" data-id=\"8b69981\" data-element_type=\"container\">\n\t\t\t\t<div class=\"elementor-element elementor-element-c9213e4 elementor-widget elementor-widget-image\" data-id=\"c9213e4\" data-element_type=\"widget\" data-widget_type=\"image.default\">\n\t\t\t\t<div class=\"elementor-widget-container\">\n\t\t\t\t\t\t\t\t\t\t\t\t\t\t\t<img decoding=\"async\" src=\"\/\/criasdocabana.art.br\/wp-content\/uploads\/2025\/01\/image.png\" title=\"\" alt=\"\" loading=\"lazy\" \/>\t\t\t\t\t\t\t\t\t\t\t\t\t\t\t<\/div>\n\t\t\t\t<\/div>\n\t\t\t\t<div class=\"elementor-element elementor-element-12ce954 elementor-widget elementor-widget-image\" data-id=\"12ce954\" data-element_type=\"widget\" data-widget_type=\"image.default\">\n\t\t\t\t<div class=\"elementor-widget-container\">\n\t\t\t\t\t\t\t\t\t\t\t\t\t\t\t<img decoding=\"async\" src=\"\/\/criasdocabana.art.br\/wp-content\/uploads\/2025\/01\/COMPET.png\" title=\"\" alt=\"\" loading=\"lazy\" \/>\t\t\t\t\t\t\t\t\t\t\t\t\t\t\t<\/div>\n\t\t\t\t<\/div>\n\t\t\t\t<div class=\"elementor-element elementor-element-909a4cd elementor-widget elementor-widget-image\" data-id=\"909a4cd\" data-element_type=\"widget\" data-widget_type=\"image.default\">\n\t\t\t\t<div class=\"elementor-widget-container\">\n\t\t\t\t\t\t\t\t\t\t\t\t\t\t\t<img decoding=\"async\" src=\"\/\/criasdocabana.art.br\/wp-content\/uploads\/2025\/01\/PET-CONNECTTE.png\" title=\"\" alt=\"\" loading=\"lazy\" \/>\t\t\t\t\t\t\t\t\t\t\t\t\t\t\t<\/div>\n\t\t\t\t<\/div>\n\t\t\t\t<div class=\"elementor-element elementor-element-962a5b8 elementor-widget elementor-widget-image\" data-id=\"962a5b8\" data-element_type=\"widget\" data-widget_type=\"image.default\">\n\t\t\t\t<div class=\"elementor-widget-container\">\n\t\t\t\t\t\t\t\t\t\t\t\t\t\t\t<img decoding=\"async\" src=\"\/\/criasdocabana.art.br\/wp-content\/uploads\/2025\/01\/GEPTT.png\" title=\"\" alt=\"\" loading=\"lazy\" \/>\t\t\t\t\t\t\t\t\t\t\t\t\t\t\t<\/div>\n\t\t\t\t<\/div>\n\t\t\t\t<\/div>\n\t\t\t\t<\/div>\n\t\t\t\t\t<\/div>\n\t\t\t\t<\/footer>\n\t\t\t\t<\/div>\n\t\t","protected":false},"excerpt":{"rendered":"<p>CONFIRACONFIRA O MUSEU O Museu Crias do Cabana \u00e9 um museu virtual, aberto e colaborativo, cujo intuito \u00e9 construir exposi\u00e7\u00f5es interativas das hist\u00f3rias e mem\u00f3rias de moradoras e moradores do Aglomerado Cabana do Pai Tom\u00e1s, em Belo Horizonte, Minas Gerais.\u00a0 A proposta \u00e9 uma iniciativa do projeto \u201cArtes de Curar, Rezar e Brincar: saberes, tradi\u00e7\u00f5es e suas resist\u00eancias ao apagamento no Aglomerado Cabana do Pai Tom\u00e1s\u201d, que surgiu em 2020, como parte do Programa SoFiA de Extens\u00e3o Popular e Divulga\u00e7\u00e3o Cient\u00edfica, do Centro Federal de Educa\u00e7\u00e3o Tecnol\u00f3gica de Minas Gerais (CEFET-MG). O desenvolvimento tecnol\u00f3gico do Museu virtual foi viabilizado a partir da parceria com o COMPET, Grupo do Programa de Educa\u00e7\u00e3o Tutorial (PET), vinculado ao curso Engenharia de Computa\u00e7\u00e3o do CEFET-MG e tamb\u00e9m do Grupo PET ConecTTE CEFET-MG: conex\u00e3o interdisciplinar entre trabalho, tecnologias e educa\u00e7\u00e3o.\u00a0 A iniciativa reverbera a fun\u00e7\u00e3o social do CEFET-MG, ampliando o conceito de tecnologia e seus usos sociais, considerando o papel da institui\u00e7\u00e3o na democratiza\u00e7\u00e3o do conhecimento e no registro e na preserva\u00e7\u00e3o de saberes ancestrais, tradicionais e populares. Realiza\u00e7\u00e3o Financiamento Parceiros<\/p>\n","protected":false},"author":1,"featured_media":0,"parent":0,"menu_order":0,"comment_status":"closed","ping_status":"closed","template":"","meta":{"_uag_custom_page_level_css":"","site-sidebar-layout":"no-sidebar","site-content-layout":"","ast-site-content-layout":"full-width-container","site-content-style":"default","site-sidebar-style":"default","ast-global-header-display":"","ast-banner-title-visibility":"","ast-main-header-display":"","ast-hfb-above-header-display":"","ast-hfb-below-header-display":"","ast-hfb-mobile-header-display":"","site-post-title":"disabled","ast-breadcrumbs-content":"","ast-featured-img":"disabled","footer-sml-layout":"","theme-transparent-header-meta":"","adv-header-id-meta":"","stick-header-meta":"","header-above-stick-meta":"","header-main-stick-meta":"","header-below-stick-meta":"","astra-migrate-meta-layouts":"default","ast-page-background-enabled":"default","ast-page-background-meta":{"desktop":{"background-color":"var(--ast-global-color-5)","background-image":"","background-repeat":"repeat","background-position":"center center","background-size":"auto","background-attachment":"scroll","background-type":"","background-media":"","overlay-type":"","overlay-color":"","overlay-opacity":"","overlay-gradient":""},"tablet":{"background-color":"","background-image":"","background-repeat":"repeat","background-position":"center center","background-size":"auto","background-attachment":"scroll","background-type":"","background-media":"","overlay-type":"","overlay-color":"","overlay-opacity":"","overlay-gradient":""},"mobile":{"background-color":"","background-image":"","background-repeat":"repeat","background-position":"center center","background-size":"auto","background-attachment":"scroll","background-type":"","background-media":"","overlay-type":"","overlay-color":"","overlay-opacity":"","overlay-gradient":""}},"ast-content-background-meta":{"desktop":{"background-color":"var(--ast-global-color-4)","background-image":"","background-repeat":"repeat","background-position":"center center","background-size":"auto","background-attachment":"scroll","background-type":"","background-media":"","overlay-type":"","overlay-color":"","overlay-opacity":"","overlay-gradient":""},"tablet":{"background-color":"var(--ast-global-color-4)","background-image":"","background-repeat":"repeat","background-position":"center center","background-size":"auto","background-attachment":"scroll","background-type":"","background-media":"","overlay-type":"","overlay-color":"","overlay-opacity":"","overlay-gradient":""},"mobile":{"background-color":"var(--ast-global-color-4)","background-image":"","background-repeat":"repeat","background-position":"center center","background-size":"auto","background-attachment":"scroll","background-type":"","background-media":"","overlay-type":"","overlay-color":"","overlay-opacity":"","overlay-gradient":""}},"footnotes":""},"class_list":["post-652","page","type-page","status-publish","hentry"],"uagb_featured_image_src":{"full":false,"thumbnail":false,"medium":false,"medium_large":false,"large":false,"1536x1536":false,"2048x2048":false},"uagb_author_info":{"display_name":"admin","author_link":"http:\/\/criasdocabana.art.br\/?author=1"},"uagb_comment_info":0,"uagb_excerpt":"CONFIRACONFIRA O MUSEU O Museu Crias do Cabana \u00e9 um museu virtual, aberto e colaborativo, cujo intuito \u00e9 construir exposi\u00e7\u00f5es interativas das hist\u00f3rias e mem\u00f3rias de moradoras e moradores do Aglomerado Cabana do Pai Tom\u00e1s, em Belo Horizonte, Minas Gerais.\u00a0 A proposta \u00e9 uma iniciativa do projeto \u201cArtes de Curar, Rezar e Brincar: saberes, tradi\u00e7\u00f5es&hellip;","_links":{"self":[{"href":"http:\/\/criasdocabana.art.br\/index.php?rest_route=\/wp\/v2\/pages\/652","targetHints":{"allow":["GET"]}}],"collection":[{"href":"http:\/\/criasdocabana.art.br\/index.php?rest_route=\/wp\/v2\/pages"}],"about":[{"href":"http:\/\/criasdocabana.art.br\/index.php?rest_route=\/wp\/v2\/types\/page"}],"author":[{"embeddable":true,"href":"http:\/\/criasdocabana.art.br\/index.php?rest_route=\/wp\/v2\/users\/1"}],"replies":[{"embeddable":true,"href":"http:\/\/criasdocabana.art.br\/index.php?rest_route=%2Fwp%2Fv2%2Fcomments&post=652"}],"version-history":[{"count":156,"href":"http:\/\/criasdocabana.art.br\/index.php?rest_route=\/wp\/v2\/pages\/652\/revisions"}],"predecessor-version":[{"id":1498,"href":"http:\/\/criasdocabana.art.br\/index.php?rest_route=\/wp\/v2\/pages\/652\/revisions\/1498"}],"wp:attachment":[{"href":"http:\/\/criasdocabana.art.br\/index.php?rest_route=%2Fwp%2Fv2%2Fmedia&parent=652"}],"curies":[{"name":"wp","href":"https:\/\/api.w.org\/{rel}","templated":true}]}}